{"id":13746,"date":"2017-10-10T17:29:46","date_gmt":"2017-10-10T15:29:46","guid":{"rendered":"https:\/\/www.jazzzeitung.de\/cms\/?page_id=13746"},"modified":"2019-03-20T07:26:40","modified_gmt":"2019-03-20T06:26:40","slug":"newsletter","status":"publish","type":"page","link":"https:\/\/www.jazzzeitung.de\/cms\/newsletter\/","title":{"rendered":"Newsletter"},"content":{"rendered":"<p>Wollen Sie aktuell informiert werden \u00fcber das, was auf unserer Website so passiert?<br \/>\nDann w\u00e4hlen Sie einen oder mehrere Newsletter der JazzZeitung aus.<\/p>\n<ul>\n<li>Sie sind <strong>Newsjunkie<\/strong>? Dann ist \u201etopaktuell\u201c richtig. Sie werden sofort benachrichtigt.<\/li>\n<li>Sie wollen wissen, w<strong>as der Tag gebracht hat<\/strong>? Dann ist \u201eJazzZeitung Daily\u201c eine gute Wahl. (Kommt t\u00e4glich gegen 8 Uhr).<\/li>\n<li>Sie wollen nur \u00fcber <strong>Jazz im Radio<\/strong> informiert werden? Dann d\u00fcrfte der Radio-Newsletter passen. (Kommt Sonntag abend gegen 14 Uhr).<\/li>\n<\/ul>\n<p>Sie k\u00f6nnen nat\u00fcrlich auch kombinieren? Austragen geht dann auch mit einem Klick, falls Ihnen der Newsletter nicht gef\u00e4llt.<\/p>\n  \n  \n  <div class=\"\n    mailpoet_form_popup_overlay\n      \"><\/div>\n  <div\n    id=\"mailpoet_form_2\"\n    class=\"\n      mailpoet_form\n      mailpoet_form_shortcode\n      mailpoet_form_position_\n      mailpoet_form_animation_\n    \"\n      >\n\n    <style type=\"text\/css\">\n     #mailpoet_form_2 .mailpoet_form {  }\n#mailpoet_form_2 .mailpoet_paragraph { line-height: 20px; }\n#mailpoet_form_2 .mailpoet_segment_label, #mailpoet_form_2 .mailpoet_text_label, #mailpoet_form_2 .mailpoet_textarea_label, #mailpoet_form_2 .mailpoet_select_label, #mailpoet_form_2 .mailpoet_radio_label, #mailpoet_form_2 .mailpoet_checkbox_label, #mailpoet_form_2 .mailpoet_list_label, #mailpoet_form_2 .mailpoet_date_label { display: block; font-weight: bold; }\n#mailpoet_form_2 .mailpoet_text, #mailpoet_form_2 .mailpoet_textarea, #mailpoet_form_2 .mailpoet_select, #mailpoet_form_2 .mailpoet_date_month, #mailpoet_form_2 .mailpoet_date_day, #mailpoet_form_2 .mailpoet_date_year, #mailpoet_form_2 .mailpoet_date { display: block; }\n#mailpoet_form_2 .mailpoet_text, #mailpoet_form_2 .mailpoet_textarea { width: 200px; }\n#mailpoet_form_2 .mailpoet_checkbox {  }\n#mailpoet_form_2 .mailpoet_submit input {  }\n#mailpoet_form_2 .mailpoet_divider {  }\n#mailpoet_form_2 .mailpoet_message {  }\n#mailpoet_form_2 .mailpoet_validate_success { font-weight: 600; color: #468847; }\n#mailpoet_form_2 .mailpoet_validate_error { color: #b94a48; }\n#mailpoet_form_2 .mailpoet_form_loading { width: 30px; text-align: center; line-height: normal; }\n#mailpoet_form_2 .mailpoet_form_loading > span { width: 5px; height: 5px; background-color: #5b5b5b; }#mailpoet_form_2{;}#mailpoet_form_2 .mailpoet_message {margin: 0; padding: 0 20px;}#mailpoet_form_2 .mailpoet_paragraph.last {margin-bottom: 0} @media (max-width: 500px) {#mailpoet_form_2 {background-image: none;}} @media (min-width: 500px) {#mailpoet_form_2 .last .mailpoet_paragraph:last-child {margin-bottom: 0}}  @media (max-width: 500px) {#mailpoet_form_2 .mailpoet_form_column:last-child .mailpoet_paragraph:last-child {margin-bottom: 0}} \n    <\/style>\n\n    <form\n      target=\"_self\"\n      method=\"post\"\n      action=\"https:\/\/www.jazzzeitung.de\/cms\/wp-admin\/admin-post.php?action=mailpoet_subscription_form\"\n      class=\"mailpoet_form mailpoet_form_form mailpoet_form_shortcode\"\n      novalidate\n      data-delay=\"\"\n      data-exit-intent-enabled=\"\"\n      data-font-family=\"\"\n      data-cookie-expiration-time=\"\"\n    >\n      <input type=\"hidden\" name=\"data[form_id]\" value=\"2\" \/>\n      <input type=\"hidden\" name=\"token\" value=\"e2ee164c34\" \/>\n      <input type=\"hidden\" name=\"api_version\" value=\"v1\" \/>\n      <input type=\"hidden\" name=\"endpoint\" value=\"subscribers\" \/>\n      <input type=\"hidden\" name=\"mailpoet_method\" value=\"subscribe\" \/>\n\n      <label class=\"mailpoet_hp_email_label\" style=\"display: none !important;\">Bitte dieses Feld leer lassen<input type=\"email\" name=\"data[email]\"\/><\/label><div class=\"mailpoet_paragraph\"><fieldset><legend class=\"mailpoet_segment_label\" >Newsletter ausw\u00e4hlen:<\/legend><label class=\"mailpoet_checkbox_label\" for=\"mailpoet_segment_1\" ><input type=\"checkbox\" class=\"mailpoet_checkbox\" id=\"mailpoet_segment_1\" name=\"data[form_field_MTgyNmE5ODc3OTY0X3NlZ21lbnRz][]\" value=\"6\"  data-parsley-errors-container=\".mailpoet_error_1jb33\" data-parsley-required=\"true\" required aria-required=\"true\" data-parsley-group=\"segments\" data-parsley-required-message=\"Bitte w\u00e4hle eine Liste aus.\" \/> JazzZeitung - topaktuell<\/label><label class=\"mailpoet_checkbox_label\" for=\"mailpoet_segment_2\" ><input type=\"checkbox\" class=\"mailpoet_checkbox\" id=\"mailpoet_segment_2\" name=\"data[form_field_MTgyNmE5ODc3OTY0X3NlZ21lbnRz][]\" value=\"4\"  data-parsley-errors-container=\".mailpoet_error_1jb33\" data-parsley-required=\"true\" required aria-required=\"true\" data-parsley-group=\"segments\" data-parsley-required-message=\"Bitte w\u00e4hle eine Liste aus.\" \/> JazzZeitung Daily<\/label><label class=\"mailpoet_checkbox_label\" for=\"mailpoet_segment_3\" ><input type=\"checkbox\" class=\"mailpoet_checkbox\" id=\"mailpoet_segment_3\" name=\"data[form_field_MTgyNmE5ODc3OTY0X3NlZ21lbnRz][]\" value=\"5\"  data-parsley-errors-container=\".mailpoet_error_1jb33\" data-parsley-required=\"true\" required aria-required=\"true\" data-parsley-group=\"segments\" data-parsley-required-message=\"Bitte w\u00e4hle eine Liste aus.\" \/> JazzZeitung Radio<\/label><span class=\"mailpoet_error_1jb33\"><\/span><\/fieldset><\/div>\n<div class=\"mailpoet_paragraph\"><input type=\"email\" autocomplete=\"email\" class=\"mailpoet_text\" id=\"form_email_2\" name=\"data[form_field_ODY0MWQ1NDI2NWUxX2VtYWls]\" title=\"E-Mail\" value=\"\" data-automation-id=\"form_email\"  placeholder=\"E-Mail *\" aria-label=\"E-Mail *\" data-parsley-errors-container=\".mailpoet_error_1k1gg\" data-parsley-required=\"true\" required aria-required=\"true\" data-parsley-minlength=\"6\" data-parsley-maxlength=\"150\" data-parsley-type-message=\"Dieser Wert sollte eine g\u00fcltige E-Mail-Adresse sein.\" data-parsley-required-message=\"Dieses Feld wird ben\u00f6tigt.\"\/><span class=\"mailpoet_error_1k1gg\"><\/span><\/div>\n<div class=\"mailpoet_paragraph\"><input type=\"text\" autocomplete=\"given-name\" class=\"mailpoet_text\" id=\"form_first_name_2\" name=\"data[form_field_YzFiMDg3YmI1Y2I5X2ZpcnN0X25hbWU=]\" title=\"Vorname\" value=\"\" data-automation-id=\"form_first_name\"  placeholder=\"Vorname *\" aria-label=\"Vorname *\" data-parsley-errors-container=\".mailpoet_error_xp23p\" data-parsley-names='[&quot;Bitte gib einen g\u00fcltigen Namen an.&quot;,&quot;Adressen in Namen sind nicht erlaubt, bitte f\u00fcge stattdessen deinen Namen hinzu.&quot;]' data-parsley-required=\"true\" required aria-required=\"true\" data-parsley-required-message=\"Dieses Feld wird ben\u00f6tigt.\"\/><span class=\"mailpoet_error_xp23p\"><\/span><\/div>\n<div class=\"mailpoet_paragraph\"><input type=\"text\" autocomplete=\"family-name\" class=\"mailpoet_text\" id=\"form_last_name_2\" name=\"data[form_field_MmRmYmU2YWU1OGIwX2xhc3RfbmFtZQ==]\" title=\"Nachname\" value=\"\" data-automation-id=\"form_last_name\"  placeholder=\"Nachname *\" aria-label=\"Nachname *\" data-parsley-errors-container=\".mailpoet_error_15s5l\" data-parsley-names='[&quot;Bitte gib einen g\u00fcltigen Namen an.&quot;,&quot;Adressen in Namen sind nicht erlaubt, bitte f\u00fcge stattdessen deinen Namen hinzu.&quot;]' data-parsley-required=\"true\" required aria-required=\"true\" data-parsley-required-message=\"Dieses Feld wird ben\u00f6tigt.\"\/><span class=\"mailpoet_error_15s5l\"><\/span><\/div>\n<div class=\"mailpoet_paragraph\"><fieldset><legend class=\"mailpoet_checkbox_label\" >DSGVO-Abfrage&nbsp;<span class=\"mailpoet_required\" aria-hidden=\"true\">*<\/span><\/legend><input type=\"hidden\" value=\"1\"  name=\"data[cf_1]\" \/><label class=\"mailpoet_checkbox_label\" for=\"mailpoet_checkbox_4\" ><input type=\"checkbox\" class=\"mailpoet_checkbox\" id=\"mailpoet_checkbox_4\" name=\"data[cf_1]\" value=\"1\" data-parsley-errors-container=\".mailpoet_error_18sat\" data-parsley-required=\"true\" required aria-required=\"true\" data-parsley-required-message=\"Dieses Feld wird ben\u00f6tigt.\" data-parsley-group=\"custom_field_1\" \/> Mit der Nutzung dieses Formulars erkl\u00e4ren Sie sich mit der Speicherung und Verarbeitung Ihrer Daten durch diese Website einverstanden.<\/label><\/fieldset><span class=\"mailpoet_error_18sat\"><\/span><\/div>\n<div class=\"mailpoet_paragraph\"><input type=\"submit\" class=\"mailpoet_submit\" value=\"Anmelden! \/ Subscribe!\" data-automation-id=\"subscribe-submit-button\" style=\"border-color:transparent;\" \/><span class=\"mailpoet_form_loading\"><span class=\"mailpoet_bounce1\"><\/span><span class=\"mailpoet_bounce2\"><\/span><span class=\"mailpoet_bounce3\"><\/span><\/span><\/div>\n\n      <div class=\"mailpoet_message\">\n        <p class=\"mailpoet_validate_success\"\n                style=\"display:none;\"\n                >Pr\u00fcfen Sie Ihren Posteingang und den Spamordner, um Ihr Abonnement zu best\u00e4tigen.\n        <\/p>\n        <p class=\"mailpoet_validate_error\"\n                style=\"display:none;\"\n                >        <\/p>\n      <\/div>\n    <\/form>\n\n      <\/div>\n\n  \n","protected":false},"excerpt":{"rendered":"<p>Wollen Sie aktuell informiert werden \u00fcber das, was auf unserer Website so passiert? Dann w\u00e4hlen Sie einen oder mehrere Newsletter der JazzZeitung aus. Sie sind Newsjunkie? Dann ist \u201etopaktuell\u201c richtig. Sie werden sofort benachrichtigt. Sie wollen wissen, was der Tag gebracht hat? Dann ist \u201eJazzZeitung Daily\u201c eine gute Wahl. (Kommt t\u00e4glich gegen 8 Uhr). Sie wollen nur \u00fcber Jazz im Radio informiert werden? Dann d\u00fcrfte der Radio-Newsletter passen. (Kommt Sonntag abend gegen 14 Uhr). Sie k\u00f6nnen nat\u00fcrlich auch kombinieren? Austragen geht dann auch mit einem Klick, falls Ihnen der Newsletter nicht gef\u00e4llt.<\/p>\n","protected":false},"author":1,"featured_media":0,"parent":0,"menu_order":0,"comment_status":"closed","ping_status":"closed","template":"","meta":{"footnotes":""},"coauthors":[650],"class_list":["post-13746","page","type-page","status-publish","hentry"],"yoast_head":"<!-- This site is optimized with the Yoast SEO plugin v27.4 - https:\/\/yoast.com\/product\/yoast-seo-wordpress\/ -->\n<title>Newsletter - JazzZeitung<\/title>\n<meta name=\"robots\" content=\"index, follow, max-snippet:-1, max-image-preview:large, max-video-preview:-1\" \/>\n<link rel=\"canonical\" href=\"https:\/\/www.jazzzeitung.de\/cms\/newsletter\/\" \/>\n<meta property=\"og:locale\" content=\"de_DE\" \/>\n<meta property=\"og:type\" content=\"article\" \/>\n<meta property=\"og:title\" content=\"Newsletter - JazzZeitung\" \/>\n<meta property=\"og:description\" content=\"Wollen Sie aktuell informiert werden \u00fcber das, was auf unserer Website so passiert? Dann w\u00e4hlen Sie einen oder mehrere Newsletter der JazzZeitung aus. Sie sind Newsjunkie? Dann ist \u201etopaktuell\u201c richtig. Sie werden sofort benachrichtigt. Sie wollen wissen, was der Tag gebracht hat? Dann ist \u201eJazzZeitung Daily\u201c eine gute Wahl. (Kommt t\u00e4glich gegen 8 Uhr). Sie wollen nur \u00fcber Jazz im Radio informiert werden? Dann d\u00fcrfte der Radio-Newsletter passen. (Kommt Sonntag abend gegen 14 Uhr). Sie k\u00f6nnen nat\u00fcrlich auch kombinieren? Austragen geht dann auch mit einem Klick, falls Ihnen der Newsletter nicht gef\u00e4llt.\" \/>\n<meta property=\"og:url\" content=\"https:\/\/www.jazzzeitung.de\/cms\/newsletter\/\" \/>\n<meta property=\"og:site_name\" content=\"JazzZeitung\" \/>\n<meta property=\"article:publisher\" content=\"https:\/\/www.facebook.com\/JazzZeitung\/\" \/>\n<meta property=\"article:modified_time\" content=\"2019-03-20T06:26:40+00:00\" \/>\n<meta property=\"og:image\" content=\"https:\/\/i0.wp.com\/www.jazzzeitung.de\/cms\/wp-content\/uploads\/2012\/01\/ipad-logo-200.png?fit=200%2C200&ssl=1\" \/>\n\t<meta property=\"og:image:width\" content=\"200\" \/>\n\t<meta property=\"og:image:height\" content=\"200\" \/>\n\t<meta property=\"og:image:type\" content=\"image\/png\" \/>\n<script type=\"application\/ld+json\" class=\"yoast-schema-graph\">{\"@context\":\"https:\\\/\\\/schema.org\",\"@graph\":[{\"@type\":\"WebPage\",\"@id\":\"https:\\\/\\\/www.jazzzeitung.de\\\/cms\\\/newsletter\\\/\",\"url\":\"https:\\\/\\\/www.jazzzeitung.de\\\/cms\\\/newsletter\\\/\",\"name\":\"Newsletter - JazzZeitung\",\"isPartOf\":{\"@id\":\"https:\\\/\\\/www.jazzzeitung.de\\\/cms\\\/#website\"},\"datePublished\":\"2017-10-10T15:29:46+00:00\",\"dateModified\":\"2019-03-20T06:26:40+00:00\",\"breadcrumb\":{\"@id\":\"https:\\\/\\\/www.jazzzeitung.de\\\/cms\\\/newsletter\\\/#breadcrumb\"},\"inLanguage\":\"de\",\"potentialAction\":[{\"@type\":\"ReadAction\",\"target\":[\"https:\\\/\\\/www.jazzzeitung.de\\\/cms\\\/newsletter\\\/\"]}]},{\"@type\":\"BreadcrumbList\",\"@id\":\"https:\\\/\\\/www.jazzzeitung.de\\\/cms\\\/newsletter\\\/#breadcrumb\",\"itemListElement\":[{\"@type\":\"ListItem\",\"position\":1,\"name\":\"Startseite\",\"item\":\"https:\\\/\\\/www.jazzzeitung.de\\\/cms\\\/\"},{\"@type\":\"ListItem\",\"position\":2,\"name\":\"Newsletter\"}]},{\"@type\":\"WebSite\",\"@id\":\"https:\\\/\\\/www.jazzzeitung.de\\\/cms\\\/#website\",\"url\":\"https:\\\/\\\/www.jazzzeitung.de\\\/cms\\\/\",\"name\":\"JazzZeitung\",\"description\":\"Jazz-News und Jazz-Kontroverses\",\"publisher\":{\"@id\":\"https:\\\/\\\/www.jazzzeitung.de\\\/cms\\\/#organization\"},\"potentialAction\":[{\"@type\":\"SearchAction\",\"target\":{\"@type\":\"EntryPoint\",\"urlTemplate\":\"https:\\\/\\\/www.jazzzeitung.de\\\/cms\\\/?s={search_term_string}\"},\"query-input\":{\"@type\":\"PropertyValueSpecification\",\"valueRequired\":true,\"valueName\":\"search_term_string\"}}],\"inLanguage\":\"de\"},{\"@type\":\"Organization\",\"@id\":\"https:\\\/\\\/www.jazzzeitung.de\\\/cms\\\/#organization\",\"name\":\"JazzZeitung online\",\"url\":\"https:\\\/\\\/www.jazzzeitung.de\\\/cms\\\/\",\"logo\":{\"@type\":\"ImageObject\",\"inLanguage\":\"de\",\"@id\":\"https:\\\/\\\/www.jazzzeitung.de\\\/cms\\\/#\\\/schema\\\/logo\\\/image\\\/\",\"url\":\"https:\\\/\\\/i0.wp.com\\\/www.jazzzeitung.de\\\/cms\\\/wp-content\\\/uploads\\\/2015\\\/08\\\/JAZZZEITUNGDE_Logo_Neu.png?fit=499%2C200&ssl=1\",\"contentUrl\":\"https:\\\/\\\/i0.wp.com\\\/www.jazzzeitung.de\\\/cms\\\/wp-content\\\/uploads\\\/2015\\\/08\\\/JAZZZEITUNGDE_Logo_Neu.png?fit=499%2C200&ssl=1\",\"width\":499,\"height\":200,\"caption\":\"JazzZeitung online\"},\"image\":{\"@id\":\"https:\\\/\\\/www.jazzzeitung.de\\\/cms\\\/#\\\/schema\\\/logo\\\/image\\\/\"},\"sameAs\":[\"https:\\\/\\\/www.facebook.com\\\/JazzZeitung\\\/\"]}]}<\/script>\n<!-- \/ Yoast SEO plugin. -->","yoast_head_json":{"title":"Newsletter - JazzZeitung","robots":{"index":"index","follow":"follow","max-snippet":"max-snippet:-1","max-image-preview":"max-image-preview:large","max-video-preview":"max-video-preview:-1"},"canonical":"https:\/\/www.jazzzeitung.de\/cms\/newsletter\/","og_locale":"de_DE","og_type":"article","og_title":"Newsletter - JazzZeitung","og_description":"Wollen Sie aktuell informiert werden \u00fcber das, was auf unserer Website so passiert? Dann w\u00e4hlen Sie einen oder mehrere Newsletter der JazzZeitung aus. Sie sind Newsjunkie? Dann ist \u201etopaktuell\u201c richtig. Sie werden sofort benachrichtigt. Sie wollen wissen, was der Tag gebracht hat? Dann ist \u201eJazzZeitung Daily\u201c eine gute Wahl. (Kommt t\u00e4glich gegen 8 Uhr). Sie wollen nur \u00fcber Jazz im Radio informiert werden? Dann d\u00fcrfte der Radio-Newsletter passen. (Kommt Sonntag abend gegen 14 Uhr). Sie k\u00f6nnen nat\u00fcrlich auch kombinieren? Austragen geht dann auch mit einem Klick, falls Ihnen der Newsletter nicht gef\u00e4llt.","og_url":"https:\/\/www.jazzzeitung.de\/cms\/newsletter\/","og_site_name":"JazzZeitung","article_publisher":"https:\/\/www.facebook.com\/JazzZeitung\/","article_modified_time":"2019-03-20T06:26:40+00:00","og_image":[{"width":200,"height":200,"url":"https:\/\/i0.wp.com\/www.jazzzeitung.de\/cms\/wp-content\/uploads\/2012\/01\/ipad-logo-200.png?fit=200%2C200&ssl=1","type":"image\/png"}],"schema":{"@context":"https:\/\/schema.org","@graph":[{"@type":"WebPage","@id":"https:\/\/www.jazzzeitung.de\/cms\/newsletter\/","url":"https:\/\/www.jazzzeitung.de\/cms\/newsletter\/","name":"Newsletter - JazzZeitung","isPartOf":{"@id":"https:\/\/www.jazzzeitung.de\/cms\/#website"},"datePublished":"2017-10-10T15:29:46+00:00","dateModified":"2019-03-20T06:26:40+00:00","breadcrumb":{"@id":"https:\/\/www.jazzzeitung.de\/cms\/newsletter\/#breadcrumb"},"inLanguage":"de","potentialAction":[{"@type":"ReadAction","target":["https:\/\/www.jazzzeitung.de\/cms\/newsletter\/"]}]},{"@type":"BreadcrumbList","@id":"https:\/\/www.jazzzeitung.de\/cms\/newsletter\/#breadcrumb","itemListElement":[{"@type":"ListItem","position":1,"name":"Startseite","item":"https:\/\/www.jazzzeitung.de\/cms\/"},{"@type":"ListItem","position":2,"name":"Newsletter"}]},{"@type":"WebSite","@id":"https:\/\/www.jazzzeitung.de\/cms\/#website","url":"https:\/\/www.jazzzeitung.de\/cms\/","name":"JazzZeitung","description":"Jazz-News und Jazz-Kontroverses","publisher":{"@id":"https:\/\/www.jazzzeitung.de\/cms\/#organization"},"potentialAction":[{"@type":"SearchAction","target":{"@type":"EntryPoint","urlTemplate":"https:\/\/www.jazzzeitung.de\/cms\/?s={search_term_string}"},"query-input":{"@type":"PropertyValueSpecification","valueRequired":true,"valueName":"search_term_string"}}],"inLanguage":"de"},{"@type":"Organization","@id":"https:\/\/www.jazzzeitung.de\/cms\/#organization","name":"JazzZeitung online","url":"https:\/\/www.jazzzeitung.de\/cms\/","logo":{"@type":"ImageObject","inLanguage":"de","@id":"https:\/\/www.jazzzeitung.de\/cms\/#\/schema\/logo\/image\/","url":"https:\/\/i0.wp.com\/www.jazzzeitung.de\/cms\/wp-content\/uploads\/2015\/08\/JAZZZEITUNGDE_Logo_Neu.png?fit=499%2C200&ssl=1","contentUrl":"https:\/\/i0.wp.com\/www.jazzzeitung.de\/cms\/wp-content\/uploads\/2015\/08\/JAZZZEITUNGDE_Logo_Neu.png?fit=499%2C200&ssl=1","width":499,"height":200,"caption":"JazzZeitung online"},"image":{"@id":"https:\/\/www.jazzzeitung.de\/cms\/#\/schema\/logo\/image\/"},"sameAs":["https:\/\/www.facebook.com\/JazzZeitung\/"]}]}},"wp-worthy-pixel":{"ignored":true,"public":null,"server":null,"url":null},"wp-worthy-type":"normal","jetpack_shortlink":"https:\/\/wp.me\/P3KEcT-3zI","jetpack-related-posts":[{"id":28117,"url":"https:\/\/www.jazzzeitung.de\/cms\/newsletterbezug-ende\/","url_meta":{"origin":13746,"position":0},"title":"Newsletterbezug Ende","author":"Redaktion JazzZeitung","date":"12. August 2022","format":false,"excerpt":"Schade, dass Sie den Newsletter der JazzZeitung nicht mehr beziehen wollen. Aber sicher gibt daf\u00fcr Gr\u00fcnde, die wir zu hinterfragen uns nicht das Recht herausnehmen wollen. Sollten Sie dennoch versehentlich das Abonnement beendet haben, k\u00f6nnen Sie es sich hier sofort wieder zur\u00fcckholen. \u00a0","rel":"","context":"\u00c4hnlicher Beitrag","block_context":{"text":"\u00c4hnlicher Beitrag","link":""},"img":{"alt_text":"","src":"","width":0,"height":0},"classes":[]},{"id":21544,"url":"https:\/\/www.jazzzeitung.de\/cms\/newsletter-verlassen\/","url_meta":{"origin":13746,"position":1},"title":"Newsletter verlassen","author":"Redaktion JazzZeitung","date":"16. Dezember 2019","format":false,"excerpt":"[mailpoet_page] Schade, dass Sie sich vom Newsletter abgemeldet haben. Sie w\u00fcrden uns eine kleine Freude machen, wenn Sie uns den Grund mitteilen k\u00f6nnten (Mail an hufner@nmz.de). Wie aber auch immer: Alles Gute f\u00fcrderhin! Ihre Redaktion JazzZeitung.de \u00a0","rel":"","context":"\u00c4hnlicher Beitrag","block_context":{"text":"\u00c4hnlicher Beitrag","link":""},"img":{"alt_text":"Lorenz Kellhuber am Klavier. Foto: Hufner","src":"https:\/\/i0.wp.com\/www.jazzzeitung.de\/cms\/wp-content\/uploads\/2017\/11\/kellhuber-verwaschen.jpg?fit=1024%2C766&ssl=1&resize=350%2C200","width":350,"height":200,"srcset":"https:\/\/i0.wp.com\/www.jazzzeitung.de\/cms\/wp-content\/uploads\/2017\/11\/kellhuber-verwaschen.jpg?fit=1024%2C766&ssl=1&resize=350%2C200 1x, https:\/\/i0.wp.com\/www.jazzzeitung.de\/cms\/wp-content\/uploads\/2017\/11\/kellhuber-verwaschen.jpg?fit=1024%2C766&ssl=1&resize=525%2C300 1.5x, https:\/\/i0.wp.com\/www.jazzzeitung.de\/cms\/wp-content\/uploads\/2017\/11\/kellhuber-verwaschen.jpg?fit=1024%2C766&ssl=1&resize=700%2C400 2x"},"classes":[]},{"id":28120,"url":"https:\/\/www.jazzzeitung.de\/cms\/newsletter-erfolgreich-abonniert\/","url_meta":{"origin":13746,"position":2},"title":"Newsletter erfolgreich abonniert","author":"Redaktion JazzZeitung","date":"12. August 2022","format":false,"excerpt":"Hallo und guten Tag, Wunderbar! Sie haben einen oder mehrere Newsletter der JazzZeitung abonniert. Dankesch\u00f6n und viel Freude damit, Ihr JazzZeitungs-Team \u00a0 \u00a0","rel":"","context":"\u00c4hnlicher Beitrag","block_context":{"text":"\u00c4hnlicher Beitrag","link":""},"img":{"alt_text":"","src":"","width":0,"height":0},"classes":[]},{"id":21540,"url":"https:\/\/www.jazzzeitung.de\/cms\/newsletter-verwalten\/","url_meta":{"origin":13746,"position":3},"title":"Newsletter verwalten","author":"Redaktion JazzZeitung","date":"16. Dezember 2019","format":false,"excerpt":"Auf dieser Seite k\u00f6nnen Sie Ihre Newsletter verwalten wie: abmelden, pausieren oder erg\u00e4nzen.","rel":"","context":"\u00c4hnlicher Beitrag","block_context":{"text":"\u00c4hnlicher Beitrag","link":""},"img":{"alt_text":"Impression. Foto: Hufner","src":"https:\/\/i0.wp.com\/www.jazzzeitung.de\/cms\/wp-content\/uploads\/2013\/11\/jf13-02h-010070.jpg?fit=1200%2C900&ssl=1&resize=350%2C200","width":350,"height":200,"srcset":"https:\/\/i0.wp.com\/www.jazzzeitung.de\/cms\/wp-content\/uploads\/2013\/11\/jf13-02h-010070.jpg?fit=1200%2C900&ssl=1&resize=350%2C200 1x, https:\/\/i0.wp.com\/www.jazzzeitung.de\/cms\/wp-content\/uploads\/2013\/11\/jf13-02h-010070.jpg?fit=1200%2C900&ssl=1&resize=525%2C300 1.5x, https:\/\/i0.wp.com\/www.jazzzeitung.de\/cms\/wp-content\/uploads\/2013\/11\/jf13-02h-010070.jpg?fit=1200%2C900&ssl=1&resize=700%2C400 2x, https:\/\/i0.wp.com\/www.jazzzeitung.de\/cms\/wp-content\/uploads\/2013\/11\/jf13-02h-010070.jpg?fit=1200%2C900&ssl=1&resize=1050%2C600 3x"},"classes":[]},{"id":13266,"url":"https:\/\/www.jazzzeitung.de\/cms\/onlinewerbung\/","url_meta":{"origin":13746,"position":4},"title":"Onlinewerbung auf JazzZeitung.de","author":"Redaktion JazzZeitung","date":"9. August 2017","format":false,"excerpt":"JazzZeitung.de ist Ihr Portal zum Jazz in Deutschland: mit aktuellen Fotostrecken, Blogs, News, Rezensionen, Veranstaltungstipps und vieles mehr! Wir bieten unseren Kunden folgende Formate f\u00fcr ihre Online-Pr\u00e4senz an: Ab einem gewissen Auftragsvolumen gew\u00e4hren wir Rabatte, die Sie bitte direkt bei unserer Anzeigen-Abteilung anfragen. Mediadaten JazzZeitung zum Download als PDF. Kontakt:\u2026","rel":"","context":"In \"Onlinewerbung\"","block_context":{"text":"Onlinewerbung","link":"https:\/\/www.jazzzeitung.de\/cms\/stichwort\/onlinewerbung\/"},"img":{"alt_text":"","src":"","width":0,"height":0},"classes":[]},{"id":1775,"url":"https:\/\/www.jazzzeitung.de\/cms\/archiv\/","url_meta":{"origin":13746,"position":5},"title":"Archiv","author":"Martin Hufner","date":"5. Juli 2013","format":false,"excerpt":"Hier wird gezeigt, wie man zum Archiv kommt.","rel":"","context":"\u00c4hnlicher Beitrag","block_context":{"text":"\u00c4hnlicher Beitrag","link":""},"img":{"alt_text":"","src":"","width":0,"height":0},"classes":[]}],"jetpack_sharing_enabled":true,"_links":{"self":[{"href":"https:\/\/www.jazzzeitung.de\/cms\/wp-json\/wp\/v2\/pages\/13746","targetHints":{"allow":["GET"]}}],"collection":[{"href":"https:\/\/www.jazzzeitung.de\/cms\/wp-json\/wp\/v2\/pages"}],"about":[{"href":"https:\/\/www.jazzzeitung.de\/cms\/wp-json\/wp\/v2\/types\/page"}],"author":[{"embeddable":true,"href":"https:\/\/www.jazzzeitung.de\/cms\/wp-json\/wp\/v2\/users\/1"}],"replies":[{"embeddable":true,"href":"https:\/\/www.jazzzeitung.de\/cms\/wp-json\/wp\/v2\/comments?post=13746"}],"version-history":[{"count":5,"href":"https:\/\/www.jazzzeitung.de\/cms\/wp-json\/wp\/v2\/pages\/13746\/revisions"}],"predecessor-version":[{"id":13762,"href":"https:\/\/www.jazzzeitung.de\/cms\/wp-json\/wp\/v2\/pages\/13746\/revisions\/13762"}],"wp:attachment":[{"href":"https:\/\/www.jazzzeitung.de\/cms\/wp-json\/wp\/v2\/media?parent=13746"}],"wp:term":[{"taxonomy":"author","embeddable":true,"href":"https:\/\/www.jazzzeitung.de\/cms\/wp-json\/wp\/v2\/coauthors?post=13746"}],"curies":[{"name":"wp","href":"https:\/\/api.w.org\/{rel}","templated":true}]}}