{"id":13266,"date":"2017-08-09T14:54:04","date_gmt":"2017-08-09T12:54:04","guid":{"rendered":"https:\/\/www.jazzzeitung.de\/cms\/?page_id=13266"},"modified":"2025-12-11T13:55:17","modified_gmt":"2025-12-11T12:55:17","slug":"onlinewerbung","status":"publish","type":"page","link":"https:\/\/www.jazzzeitung.de\/cms\/onlinewerbung\/","title":{"rendered":"Onlinewerbung auf JazzZeitung.de"},"content":{"rendered":"<p>JazzZeitung.de ist Ihr Portal zum Jazz in Deutschland: mit aktuellen Fotostrecken, Blogs, News, Rezensionen, Veranstaltungstipps und vieles mehr!<\/p>\n<p>Wir bieten unseren Kunden folgende Formate f\u00fcr ihre Online-Pr\u00e4senz an:<\/p>\n\n<table id=\"tablepress-1\" class=\"tablepress tablepress-id-1\">\n<thead>\n<tr class=\"row-1\">\n\t<th class=\"column-1\">Werbeformen<\/th><th class=\"column-2\">Format<br \/>\n(in Pixel)<\/th><th class=\"column-3\">Tausender-Kontaktpreis<br \/>\nTKP exkl. MwSt<\/th>\n<\/tr>\n<\/thead>\n<tbody class=\"row-striping row-hover\">\n<tr class=\"row-2\">\n\t<td class=\"column-1\">Fullsize Banner<\/td><td class=\"column-2\">468 x 60<\/td><td class=\"column-3\">30,\u2013 Euro<\/td>\n<\/tr>\n<tr class=\"row-3\">\n\t<td class=\"column-1\">Wide Skyscraper<\/td><td class=\"column-2\">160 x 600<\/td><td class=\"column-3\">40,\u2013 Euro<\/td>\n<\/tr>\n<tr class=\"row-4\">\n\t<td class=\"column-1\">Medium Rectangle <\/td><td class=\"column-2\">300 x 250<\/td><td class=\"column-3\">40,\u2013 Euro<\/td>\n<\/tr>\n<tr class=\"row-5\">\n\t<td class=\"column-1\">Superbanner<\/td><td class=\"column-2\">728 x 90<\/td><td class=\"column-3\">50,\u2013 Euro<\/td>\n<\/tr>\n<\/tbody>\n<\/table>\n<!-- #tablepress-1 from cache -->\n<p>Ab einem gewissen Auftragsvolumen gew\u00e4hren wir Rabatte, die Sie bitte direkt bei unserer Anzeigen-Abteilung anfragen.<\/p>\n<p><strong>Mediadaten JazzZeitung<\/strong> zum <a href=\"https:\/\/www.jazzzeitung.de\/cms\/wp-content\/uploads\/2025\/12\/Mediadaten-JazzZeitung-2026.pdf\">Download als PDF<\/a>.<\/p>\n<p><strong>Kontakt:<\/strong><\/p>\n<p style=\"padding-left: 40px;\">Frau Martina Wagner, <a href=\"mailto:wagner@nmz.de\">wagner@nmz.de<\/a><br \/>\nTel:\u00a0 +49 941 945 93 &#8211; 35<br \/>\nFax: +49 941 945 93\u00a0&#8211;\u00a050<\/p>\n<p>Rabattiert werden jeweils nur die reinen Schaltkosten. Eine Rabattierung auf Gestaltungs-Handling, sowie Erstellungs- und Programmierkosten ist\u00a0ausgeschlossen.<\/p>\n<p>Bei Auftragserteilung \u00fcber eine Agentur k\u00f6nnen 15% AE-Provision in Abzug gebracht\u00a0werden.<\/p>\n<p>&nbsp;<\/p>\n<p>&nbsp;<\/p>\n<p>&nbsp;<\/p>\n<p>&nbsp;<\/p>\n<p>&nbsp;<\/p>\n<p>&nbsp;<\/p>\n","protected":false},"excerpt":{"rendered":"<p>JazzZeitung.de ist Ihr Portal zum Jazz in Deutschland: mit aktuellen Fotostrecken, Blogs, News, Rezensionen, Veranstaltungstipps und vieles mehr! Wir bieten unseren Kunden folgende Formate f\u00fcr ihre Online-Pr\u00e4senz an: Ab einem gewissen Auftragsvolumen gew\u00e4hren wir Rabatte, die Sie bitte direkt bei unserer Anzeigen-Abteilung anfragen. Mediadaten JazzZeitung zum Download als PDF. Kontakt: Frau Martina Wagner, wagner@nmz.de Tel:\u00a0 +49 941 945 93 &#8211; 35 Fax: +49 941 945 93\u00a0&#8211;\u00a050 Rabattiert werden jeweils nur die reinen Schaltkosten. Eine Rabattierung auf Gestaltungs-Handling, sowie Erstellungs- und Programmierkosten ist\u00a0ausgeschlossen. Bei Auftragserteilung \u00fcber eine Agentur k\u00f6nnen 15% AE-Provision in Abzug gebracht\u00a0werden. &nbsp; &nbsp; &nbsp; &nbsp; &nbsp; &nbsp;<\/p>\n","protected":false},"author":18,"featured_media":0,"parent":0,"menu_order":0,"comment_status":"closed","ping_status":"closed","template":"","meta":{"footnotes":""},"coauthors":[695],"class_list":["post-13266","page","type-page","status-publish","hentry"],"yoast_head":"<!-- This site is optimized with the Yoast SEO plugin v27.3 - https:\/\/yoast.com\/product\/yoast-seo-wordpress\/ -->\n<title>Onlinewerbung auf JazzZeitung.de - JazzZeitung<\/title>\n<meta name=\"robots\" content=\"index, follow, max-snippet:-1, max-image-preview:large, max-video-preview:-1\" \/>\n<link rel=\"canonical\" href=\"https:\/\/www.jazzzeitung.de\/cms\/onlinewerbung\/\" \/>\n<meta property=\"og:locale\" content=\"de_DE\" \/>\n<meta property=\"og:type\" content=\"article\" \/>\n<meta property=\"og:title\" content=\"Onlinewerbung auf JazzZeitung.de - JazzZeitung\" \/>\n<meta property=\"og:description\" content=\"JazzZeitung.de ist Ihr Portal zum Jazz in Deutschland: mit aktuellen Fotostrecken, Blogs, News, Rezensionen, Veranstaltungstipps und vieles mehr! Wir bieten unseren Kunden folgende Formate f\u00fcr ihre Online-Pr\u00e4senz an: Ab einem gewissen Auftragsvolumen gew\u00e4hren wir Rabatte, die Sie bitte direkt bei unserer Anzeigen-Abteilung anfragen. Mediadaten JazzZeitung zum Download als PDF. Kontakt: Frau Martina Wagner, wagner@nmz.de Tel:\u00a0 +49 941 945 93 &#8211; 35 Fax: +49 941 945 93\u00a0&#8211;\u00a050 Rabattiert werden jeweils nur die reinen Schaltkosten. Eine Rabattierung auf Gestaltungs-Handling, sowie Erstellungs- und Programmierkosten ist\u00a0ausgeschlossen. Bei Auftragserteilung \u00fcber eine Agentur k\u00f6nnen 15% AE-Provision in Abzug gebracht\u00a0werden. &nbsp; &nbsp; &nbsp; &nbsp; &nbsp; &nbsp;\" \/>\n<meta property=\"og:url\" content=\"https:\/\/www.jazzzeitung.de\/cms\/onlinewerbung\/\" \/>\n<meta property=\"og:site_name\" content=\"JazzZeitung\" \/>\n<meta property=\"article:publisher\" content=\"https:\/\/www.facebook.com\/JazzZeitung\/\" \/>\n<meta property=\"article:modified_time\" content=\"2025-12-11T12:55:17+00:00\" \/>\n<meta property=\"og:image\" content=\"https:\/\/i0.wp.com\/www.jazzzeitung.de\/cms\/wp-content\/uploads\/2012\/01\/ipad-logo-200.png?fit=200%2C200&ssl=1\" \/>\n\t<meta property=\"og:image:width\" content=\"200\" \/>\n\t<meta property=\"og:image:height\" content=\"200\" \/>\n\t<meta property=\"og:image:type\" content=\"image\/png\" \/>\n<script type=\"application\/ld+json\" class=\"yoast-schema-graph\">{\"@context\":\"https:\\\/\\\/schema.org\",\"@graph\":[{\"@type\":\"WebPage\",\"@id\":\"https:\\\/\\\/www.jazzzeitung.de\\\/cms\\\/onlinewerbung\\\/\",\"url\":\"https:\\\/\\\/www.jazzzeitung.de\\\/cms\\\/onlinewerbung\\\/\",\"name\":\"Onlinewerbung auf JazzZeitung.de - JazzZeitung\",\"isPartOf\":{\"@id\":\"https:\\\/\\\/www.jazzzeitung.de\\\/cms\\\/#website\"},\"datePublished\":\"2017-08-09T12:54:04+00:00\",\"dateModified\":\"2025-12-11T12:55:17+00:00\",\"breadcrumb\":{\"@id\":\"https:\\\/\\\/www.jazzzeitung.de\\\/cms\\\/onlinewerbung\\\/#breadcrumb\"},\"inLanguage\":\"de\",\"potentialAction\":[{\"@type\":\"ReadAction\",\"target\":[\"https:\\\/\\\/www.jazzzeitung.de\\\/cms\\\/onlinewerbung\\\/\"]}]},{\"@type\":\"BreadcrumbList\",\"@id\":\"https:\\\/\\\/www.jazzzeitung.de\\\/cms\\\/onlinewerbung\\\/#breadcrumb\",\"itemListElement\":[{\"@type\":\"ListItem\",\"position\":1,\"name\":\"Startseite\",\"item\":\"https:\\\/\\\/www.jazzzeitung.de\\\/cms\\\/\"},{\"@type\":\"ListItem\",\"position\":2,\"name\":\"Onlinewerbung auf JazzZeitung.de\"}]},{\"@type\":\"WebSite\",\"@id\":\"https:\\\/\\\/www.jazzzeitung.de\\\/cms\\\/#website\",\"url\":\"https:\\\/\\\/www.jazzzeitung.de\\\/cms\\\/\",\"name\":\"JazzZeitung\",\"description\":\"Jazz-News und Jazz-Kontroverses\",\"publisher\":{\"@id\":\"https:\\\/\\\/www.jazzzeitung.de\\\/cms\\\/#organization\"},\"potentialAction\":[{\"@type\":\"SearchAction\",\"target\":{\"@type\":\"EntryPoint\",\"urlTemplate\":\"https:\\\/\\\/www.jazzzeitung.de\\\/cms\\\/?s={search_term_string}\"},\"query-input\":{\"@type\":\"PropertyValueSpecification\",\"valueRequired\":true,\"valueName\":\"search_term_string\"}}],\"inLanguage\":\"de\"},{\"@type\":\"Organization\",\"@id\":\"https:\\\/\\\/www.jazzzeitung.de\\\/cms\\\/#organization\",\"name\":\"JazzZeitung online\",\"url\":\"https:\\\/\\\/www.jazzzeitung.de\\\/cms\\\/\",\"logo\":{\"@type\":\"ImageObject\",\"inLanguage\":\"de\",\"@id\":\"https:\\\/\\\/www.jazzzeitung.de\\\/cms\\\/#\\\/schema\\\/logo\\\/image\\\/\",\"url\":\"https:\\\/\\\/i0.wp.com\\\/www.jazzzeitung.de\\\/cms\\\/wp-content\\\/uploads\\\/2015\\\/08\\\/JAZZZEITUNGDE_Logo_Neu.png?fit=499%2C200&ssl=1\",\"contentUrl\":\"https:\\\/\\\/i0.wp.com\\\/www.jazzzeitung.de\\\/cms\\\/wp-content\\\/uploads\\\/2015\\\/08\\\/JAZZZEITUNGDE_Logo_Neu.png?fit=499%2C200&ssl=1\",\"width\":499,\"height\":200,\"caption\":\"JazzZeitung online\"},\"image\":{\"@id\":\"https:\\\/\\\/www.jazzzeitung.de\\\/cms\\\/#\\\/schema\\\/logo\\\/image\\\/\"},\"sameAs\":[\"https:\\\/\\\/www.facebook.com\\\/JazzZeitung\\\/\"]}]}<\/script>\n<!-- \/ Yoast SEO plugin. -->","yoast_head_json":{"title":"Onlinewerbung auf JazzZeitung.de - JazzZeitung","robots":{"index":"index","follow":"follow","max-snippet":"max-snippet:-1","max-image-preview":"max-image-preview:large","max-video-preview":"max-video-preview:-1"},"canonical":"https:\/\/www.jazzzeitung.de\/cms\/onlinewerbung\/","og_locale":"de_DE","og_type":"article","og_title":"Onlinewerbung auf JazzZeitung.de - JazzZeitung","og_description":"JazzZeitung.de ist Ihr Portal zum Jazz in Deutschland: mit aktuellen Fotostrecken, Blogs, News, Rezensionen, Veranstaltungstipps und vieles mehr! Wir bieten unseren Kunden folgende Formate f\u00fcr ihre Online-Pr\u00e4senz an: Ab einem gewissen Auftragsvolumen gew\u00e4hren wir Rabatte, die Sie bitte direkt bei unserer Anzeigen-Abteilung anfragen. Mediadaten JazzZeitung zum Download als PDF. Kontakt: Frau Martina Wagner, wagner@nmz.de Tel:\u00a0 +49 941 945 93 &#8211; 35 Fax: +49 941 945 93\u00a0&#8211;\u00a050 Rabattiert werden jeweils nur die reinen Schaltkosten. Eine Rabattierung auf Gestaltungs-Handling, sowie Erstellungs- und Programmierkosten ist\u00a0ausgeschlossen. Bei Auftragserteilung \u00fcber eine Agentur k\u00f6nnen 15% AE-Provision in Abzug gebracht\u00a0werden. &nbsp; &nbsp; &nbsp; &nbsp; &nbsp; &nbsp;","og_url":"https:\/\/www.jazzzeitung.de\/cms\/onlinewerbung\/","og_site_name":"JazzZeitung","article_publisher":"https:\/\/www.facebook.com\/JazzZeitung\/","article_modified_time":"2025-12-11T12:55:17+00:00","og_image":[{"width":200,"height":200,"url":"https:\/\/i0.wp.com\/www.jazzzeitung.de\/cms\/wp-content\/uploads\/2012\/01\/ipad-logo-200.png?fit=200%2C200&ssl=1","type":"image\/png"}],"schema":{"@context":"https:\/\/schema.org","@graph":[{"@type":"WebPage","@id":"https:\/\/www.jazzzeitung.de\/cms\/onlinewerbung\/","url":"https:\/\/www.jazzzeitung.de\/cms\/onlinewerbung\/","name":"Onlinewerbung auf JazzZeitung.de - JazzZeitung","isPartOf":{"@id":"https:\/\/www.jazzzeitung.de\/cms\/#website"},"datePublished":"2017-08-09T12:54:04+00:00","dateModified":"2025-12-11T12:55:17+00:00","breadcrumb":{"@id":"https:\/\/www.jazzzeitung.de\/cms\/onlinewerbung\/#breadcrumb"},"inLanguage":"de","potentialAction":[{"@type":"ReadAction","target":["https:\/\/www.jazzzeitung.de\/cms\/onlinewerbung\/"]}]},{"@type":"BreadcrumbList","@id":"https:\/\/www.jazzzeitung.de\/cms\/onlinewerbung\/#breadcrumb","itemListElement":[{"@type":"ListItem","position":1,"name":"Startseite","item":"https:\/\/www.jazzzeitung.de\/cms\/"},{"@type":"ListItem","position":2,"name":"Onlinewerbung auf JazzZeitung.de"}]},{"@type":"WebSite","@id":"https:\/\/www.jazzzeitung.de\/cms\/#website","url":"https:\/\/www.jazzzeitung.de\/cms\/","name":"JazzZeitung","description":"Jazz-News und Jazz-Kontroverses","publisher":{"@id":"https:\/\/www.jazzzeitung.de\/cms\/#organization"},"potentialAction":[{"@type":"SearchAction","target":{"@type":"EntryPoint","urlTemplate":"https:\/\/www.jazzzeitung.de\/cms\/?s={search_term_string}"},"query-input":{"@type":"PropertyValueSpecification","valueRequired":true,"valueName":"search_term_string"}}],"inLanguage":"de"},{"@type":"Organization","@id":"https:\/\/www.jazzzeitung.de\/cms\/#organization","name":"JazzZeitung online","url":"https:\/\/www.jazzzeitung.de\/cms\/","logo":{"@type":"ImageObject","inLanguage":"de","@id":"https:\/\/www.jazzzeitung.de\/cms\/#\/schema\/logo\/image\/","url":"https:\/\/i0.wp.com\/www.jazzzeitung.de\/cms\/wp-content\/uploads\/2015\/08\/JAZZZEITUNGDE_Logo_Neu.png?fit=499%2C200&ssl=1","contentUrl":"https:\/\/i0.wp.com\/www.jazzzeitung.de\/cms\/wp-content\/uploads\/2015\/08\/JAZZZEITUNGDE_Logo_Neu.png?fit=499%2C200&ssl=1","width":499,"height":200,"caption":"JazzZeitung online"},"image":{"@id":"https:\/\/www.jazzzeitung.de\/cms\/#\/schema\/logo\/image\/"},"sameAs":["https:\/\/www.facebook.com\/JazzZeitung\/"]}]}},"wp-worthy-pixel":{"ignored":true,"public":null,"server":null,"url":null},"wp-worthy-type":"normal","jetpack_shortlink":"https:\/\/wp.me\/P3KEcT-3rY","jetpack-related-posts":[{"id":1871,"url":"https:\/\/www.jazzzeitung.de\/cms\/kontakt\/","url_meta":{"origin":13266,"position":0},"title":"Kontakt","author":"Redaktion JazzZeitung","date":"18. Juli 2013","format":false,"excerpt":"Impressum - Internet ConBrio Verlagsgesellschaft mbH Brunnstr. 23 93053 Regensburg Telefon: +49 941 9 45 93 0 E-Mail: info@conbrio.de Internet: www.conbrio.de Vertretungsberechtigter Gesch\u00e4ftsf\u00fchrer: Theo Gei\u00dfler Registergericht: Amtsgericht Regensburg Registernummer: HRB 5271 Umsatzsteuer-Identifikationsnummer gem\u00e4\u00df \u00a7 27 a Umsatzsteuergesetz: DE 811472701 Inhaltlich Verantwortlicher gem\u00e4\u00df \u00a7 10 Absatz 3 MDStV: Theo Gei\u00dfler (Anschrift\u2026","rel":"","context":"\u00c4hnlicher Beitrag","block_context":{"text":"\u00c4hnlicher Beitrag","link":""},"img":{"alt_text":"","src":"","width":0,"height":0},"classes":[]},{"id":13746,"url":"https:\/\/www.jazzzeitung.de\/cms\/newsletter\/","url_meta":{"origin":13266,"position":1},"title":"Newsletter","author":"Martin Hufner","date":"10. Oktober 2017","format":false,"excerpt":"Wollen Sie aktuell informiert werden \u00fcber das, was auf unserer Website so passiert? Dann w\u00e4hlen Sie einen oder mehrere Newsletter der JazzZeitung aus. Sie sind Newsjunkie? Dann ist \u201etopaktuell\u201c richtig. Sie werden sofort benachrichtigt. Sie wollen wissen, was der Tag gebracht hat? Dann ist \u201eJazzZeitung Daily\u201c eine gute Wahl. (Kommt\u2026","rel":"","context":"In \"Newsletter\"","block_context":{"text":"Newsletter","link":"https:\/\/www.jazzzeitung.de\/cms\/stichwort\/newsletter\/"},"img":{"alt_text":"","src":"","width":0,"height":0},"classes":[]},{"id":8142,"url":"https:\/\/www.jazzzeitung.de\/cms\/jazzkurse\/","url_meta":{"origin":13266,"position":2},"title":"Jazzkurse 2026","author":"Redaktion JazzZeitung","date":"17. Januar 2016","format":false,"excerpt":"Hier finden Sie unser Kurs- und Fortbildungsangebot f\u00fcr 2026. Fortbildungskalender 2026 Jazzarrangement und Jazzkomposition Online-Kompaktkurs im Rahmen der Jazzakademie Heek Termin: 06.03. \u2013 07.03.2026 Ort: Landesmusikakademie NRW e.V., Steinweg 2, 48619 Heek Dozent:innen\/Leitung: Prof. Florian Ross Informationen und Anmeldung: https:\/\/www.lma-nrw.de 32. Jazz-Osterworkshop regional \u2013 Lernen, \u201ewie Jazz funktioniert\u201c Termin: 02.04.\u2026","rel":"","context":"In \"Fortbildung\"","block_context":{"text":"Fortbildung","link":"https:\/\/www.jazzzeitung.de\/cms\/stichwort\/fortbildung\/"},"img":{"alt_text":"Christian Scott Group. Foto: Hufner","src":"https:\/\/i0.wp.com\/www.jazzzeitung.de\/cms\/wp-content\/uploads\/2013\/11\/jf13-01h-310293.jpg?fit=1200%2C900&ssl=1&resize=350%2C200","width":350,"height":200,"srcset":"https:\/\/i0.wp.com\/www.jazzzeitung.de\/cms\/wp-content\/uploads\/2013\/11\/jf13-01h-310293.jpg?fit=1200%2C900&ssl=1&resize=350%2C200 1x, https:\/\/i0.wp.com\/www.jazzzeitung.de\/cms\/wp-content\/uploads\/2013\/11\/jf13-01h-310293.jpg?fit=1200%2C900&ssl=1&resize=525%2C300 1.5x, https:\/\/i0.wp.com\/www.jazzzeitung.de\/cms\/wp-content\/uploads\/2013\/11\/jf13-01h-310293.jpg?fit=1200%2C900&ssl=1&resize=700%2C400 2x, https:\/\/i0.wp.com\/www.jazzzeitung.de\/cms\/wp-content\/uploads\/2013\/11\/jf13-01h-310293.jpg?fit=1200%2C900&ssl=1&resize=1050%2C600 3x"},"classes":[]},{"id":1775,"url":"https:\/\/www.jazzzeitung.de\/cms\/archiv\/","url_meta":{"origin":13266,"position":3},"title":"Archiv","author":"Martin Hufner","date":"5. Juli 2013","format":false,"excerpt":"Hier wird gezeigt, wie man zum Archiv kommt.","rel":"","context":"\u00c4hnlicher Beitrag","block_context":{"text":"\u00c4hnlicher Beitrag","link":""},"img":{"alt_text":"","src":"","width":0,"height":0},"classes":[]},{"id":28117,"url":"https:\/\/www.jazzzeitung.de\/cms\/newsletterbezug-ende\/","url_meta":{"origin":13266,"position":4},"title":"Newsletterbezug Ende","author":"Redaktion JazzZeitung","date":"12. August 2022","format":false,"excerpt":"Schade, dass Sie den Newsletter der JazzZeitung nicht mehr beziehen wollen. Aber sicher gibt daf\u00fcr Gr\u00fcnde, die wir zu hinterfragen uns nicht das Recht herausnehmen wollen. Sollten Sie dennoch versehentlich das Abonnement beendet haben, k\u00f6nnen Sie es sich hier sofort wieder zur\u00fcckholen. \u00a0","rel":"","context":"\u00c4hnlicher Beitrag","block_context":{"text":"\u00c4hnlicher Beitrag","link":""},"img":{"alt_text":"","src":"","width":0,"height":0},"classes":[]},{"id":21544,"url":"https:\/\/www.jazzzeitung.de\/cms\/newsletter-verlassen\/","url_meta":{"origin":13266,"position":5},"title":"Newsletter verlassen","author":"Redaktion JazzZeitung","date":"16. Dezember 2019","format":false,"excerpt":"[mailpoet_page] Schade, dass Sie sich vom Newsletter abgemeldet haben. Sie w\u00fcrden uns eine kleine Freude machen, wenn Sie uns den Grund mitteilen k\u00f6nnten (Mail an hufner@nmz.de). Wie aber auch immer: Alles Gute f\u00fcrderhin! Ihre Redaktion JazzZeitung.de \u00a0","rel":"","context":"\u00c4hnlicher Beitrag","block_context":{"text":"\u00c4hnlicher Beitrag","link":""},"img":{"alt_text":"Lorenz Kellhuber am Klavier. Foto: Hufner","src":"https:\/\/i0.wp.com\/www.jazzzeitung.de\/cms\/wp-content\/uploads\/2017\/11\/kellhuber-verwaschen.jpg?fit=1024%2C766&ssl=1&resize=350%2C200","width":350,"height":200,"srcset":"https:\/\/i0.wp.com\/www.jazzzeitung.de\/cms\/wp-content\/uploads\/2017\/11\/kellhuber-verwaschen.jpg?fit=1024%2C766&ssl=1&resize=350%2C200 1x, https:\/\/i0.wp.com\/www.jazzzeitung.de\/cms\/wp-content\/uploads\/2017\/11\/kellhuber-verwaschen.jpg?fit=1024%2C766&ssl=1&resize=525%2C300 1.5x, https:\/\/i0.wp.com\/www.jazzzeitung.de\/cms\/wp-content\/uploads\/2017\/11\/kellhuber-verwaschen.jpg?fit=1024%2C766&ssl=1&resize=700%2C400 2x"},"classes":[]}],"jetpack_sharing_enabled":true,"_links":{"self":[{"href":"https:\/\/www.jazzzeitung.de\/cms\/wp-json\/wp\/v2\/pages\/13266","targetHints":{"allow":["GET"]}}],"collection":[{"href":"https:\/\/www.jazzzeitung.de\/cms\/wp-json\/wp\/v2\/pages"}],"about":[{"href":"https:\/\/www.jazzzeitung.de\/cms\/wp-json\/wp\/v2\/types\/page"}],"author":[{"embeddable":true,"href":"https:\/\/www.jazzzeitung.de\/cms\/wp-json\/wp\/v2\/users\/18"}],"replies":[{"embeddable":true,"href":"https:\/\/www.jazzzeitung.de\/cms\/wp-json\/wp\/v2\/comments?post=13266"}],"version-history":[{"count":12,"href":"https:\/\/www.jazzzeitung.de\/cms\/wp-json\/wp\/v2\/pages\/13266\/revisions"}],"predecessor-version":[{"id":33476,"href":"https:\/\/www.jazzzeitung.de\/cms\/wp-json\/wp\/v2\/pages\/13266\/revisions\/33476"}],"wp:attachment":[{"href":"https:\/\/www.jazzzeitung.de\/cms\/wp-json\/wp\/v2\/media?parent=13266"}],"wp:term":[{"taxonomy":"author","embeddable":true,"href":"https:\/\/www.jazzzeitung.de\/cms\/wp-json\/wp\/v2\/coauthors?post=13266"}],"curies":[{"name":"wp","href":"https:\/\/api.w.org\/{rel}","templated":true}]}}